{"id":19,"date":"2019-12-13T11:23:37","date_gmt":"2019-12-13T14:23:37","guid":{"rendered":"https:\/\/ellencoestagios.com.br\/vagas\/anuncios\/"},"modified":"2020-01-14T11:59:34","modified_gmt":"2020-01-14T14:59:34","slug":"anuncios","status":"publish","type":"page","link":"https:\/\/ellencoestagios.com.br\/vagas\/","title":{"rendered":"Vagas"},"content":{"rendered":"<div class=\"job_listings\" data-location=\"\" data-keywords=\"\" data-show_filters=\"true\" data-show_pagination=\"false\" data-per_page=\"50\" data-orderby=\"featured\" data-order=\"DESC\" data-categories=\"\" data-disable-form-state-storage=\"\" data-featured_first=\"false\" data-post_id=\"19\" >\n<form class=\"job_filters\">\n\t\n\t<div class=\"search_jobs\">\n\t\t\n\t\t<div class=\"search_keywords\">\n\t\t\t<label for=\"search_keywords\">Palavras-chave<\/label>\n\t\t\t<input type=\"text\" name=\"search_keywords\" id=\"search_keywords\" placeholder=\"Palavras-chave\" value=\"\" \/>\n\t\t<\/div>\n\n\t\t<div class=\"search_location\">\n\t\t\t<label for=\"search_location\">Localiza\u00e7\u00e3o<\/label>\n\t\t\t<input type=\"text\" name=\"search_location\" id=\"search_location\" placeholder=\"Localiza\u00e7\u00e3o\" value=\"\" \/>\n\t\t<\/div>\n\n\t\t\t\t\t<div class=\"search_remote_position\">\n\t\t\t\t<input type=\"checkbox\" class=\"input-checkbox\" name=\"remote_position\" id=\"remote_position\" placeholder=\"Localiza\u00e7\u00e3o\" value=\"1\"  \/>\n\t\t\t\t<label for=\"remote_position\" id=\"remote_position_label\">Remote positions only<\/label>\n\t\t\t<\/div>\n\t\t\n\t\t<div style=\"clear: both\"><\/div>\n\n\t\t\n\t\t\t\t\t<div class=\"search_submit\">\n\t\t\t\t<input type=\"submit\" value=\"Search Jobs\">\n\t\t\t<\/div>\n\t\t\n\t\t\t<\/div>\n\n\t\t<ul class=\"job_types\">\n\t\t\t\t\t<li><label for=\"job_type_clt\" class=\"clt\"><input type=\"checkbox\" name=\"filter_job_type[]\" value=\"clt\"  checked='checked' id=\"job_type_clt\" \/> CLT<\/label><\/li>\n\t\t\t\t\t<li><label for=\"job_type_estagio\" class=\"estagio\"><input type=\"checkbox\" name=\"filter_job_type[]\" value=\"estagio\"  checked='checked' id=\"job_type_estagio\" \/> Est\u00e1gio<\/label><\/li>\n\t\t\t\t\t<li><label for=\"job_type_temporario\" class=\"temporario\"><input type=\"checkbox\" name=\"filter_job_type[]\" value=\"temporario\"  checked='checked' id=\"job_type_temporario\" \/> Tempor\u00e1rio<\/label><\/li>\n\t\t\t\t\t<li><label for=\"job_type_teste\" class=\"teste\"><input type=\"checkbox\" name=\"filter_job_type[]\" value=\"teste\"  checked='checked' id=\"job_type_teste\" \/> teste<\/label><\/li>\n\t\t\t<\/ul>\n\t<input type=\"hidden\" name=\"filter_job_type[]\" value=\"\" \/>\n<div class=\"showing_jobs\"><\/div><\/form>\n\n\n<noscript>Seu navegador n\u00e3o suporta JavaScript ou est\u00e1 desativado. JavaScript deve estar habilitado para exibir an\u00fancios.<\/noscript>\n<ul class=\"job_listings\">\n<\/ul>\n<a class=\"load_more_jobs\" href=\"#\" style=\"display:none;\"><strong>Carregar mais an\u00fancios<\/strong><\/a><\/div>\n","protected":false},"excerpt":{"rendered":"","protected":false},"author":1,"featured_media":47,"parent":0,"menu_order":0,"comment_status":"closed","ping_status":"closed","template":"page-templates\/template-home.php","meta":{"footnotes":""},"class_list":["post-19","page","type-page","status-publish","has-post-thumbnail","hentry"],"_links":{"self":[{"href":"https:\/\/ellencoestagios.com.br\/vagas\/wp-json\/wp\/v2\/pages\/19","targetHints":{"allow":["GET"]}}],"collection":[{"href":"https:\/\/ellencoestagios.com.br\/vagas\/wp-json\/wp\/v2\/pages"}],"about":[{"href":"https:\/\/ellencoestagios.com.br\/vagas\/wp-json\/wp\/v2\/types\/page"}],"author":[{"embeddable":true,"href":"https:\/\/ellencoestagios.com.br\/vagas\/wp-json\/wp\/v2\/users\/1"}],"replies":[{"embeddable":true,"href":"https:\/\/ellencoestagios.com.br\/vagas\/wp-json\/wp\/v2\/comments?post=19"}],"version-history":[{"count":2,"href":"https:\/\/ellencoestagios.com.br\/vagas\/wp-json\/wp\/v2\/pages\/19\/revisions"}],"predecessor-version":[{"id":48,"href":"https:\/\/ellencoestagios.com.br\/vagas\/wp-json\/wp\/v2\/pages\/19\/revisions\/48"}],"wp:featuredmedia":[{"embeddable":true,"href":"https:\/\/ellencoestagios.com.br\/vagas\/wp-json\/wp\/v2\/media\/47"}],"wp:attachment":[{"href":"https:\/\/ellencoestagios.com.br\/vagas\/wp-json\/wp\/v2\/media?parent=19"}],"curies":[{"name":"wp","href":"https:\/\/api.w.org\/{rel}","templated":true}]}}